{"id":764,"date":"2024-11-25T16:29:39","date_gmt":"2024-11-25T22:29:39","guid":{"rendered":"https:\/\/www.basler.com\/connexion\/"},"modified":"2025-11-03T14:19:13","modified_gmt":"2025-11-03T20:19:13","slug":"connexion","status":"publish","type":"page","link":"https:\/\/baslerservices.com\/fr\/connexion\/","title":{"rendered":"Connexion"},"content":{"rendered":"<section  data-block-id=\"hammer_block_2ef63f983f92d29ad00d7e9f7a55f59a\" data-block=\"login\" class=\"block block-login login\">    <div class=\"wrapper\">\n        <div class=\"right-content\">\n\t\t\t<div class=\"text-wrapper\">\n                <div class=\"headline-wrapper\">\n                    <h2 id=\"hammer_component_69ddf389d013a\" data-component=\"headline\" class=\"component component-headline headline style-default\">Bienvenue<\/h2>\n                <\/div>\n\n                <div id=\"hammer_component_69ddf389d0282\" data-component=\"rich-text\" class=\"component component-rich-text rich-text\"><p>Saisissez vos informations de connexion ci-dessous pour acc&eacute;der &agrave; votre profil et au contenu suppl&eacute;mentaire.<\/p>\n<\/div>\n            <\/div>\n\n            <hr class=\"line\">\n\n            <div class=\"form-wrapper js-form-wrapper\">\n                \n                <? \/\/ do_shortcode('[ultimatemember form_id=\"56678\"]');?>\n                <div class='gf_browser_gecko gform_wrapper gf_login_form' id='gform_wrapper_0'><form method='post' id='gform_0'><input type='hidden' name='login_redirect' value='https:\/\/baslerservices.com\/fr\/' \/><div class='gform_body'><div id='gform_fields_login' class='gform_fields top_label'><div id=\"field_1\" class=\"gfield gfield--type-text gfield_contains_required field_sublabel_below gfield--no-description field_description_below field_validation_below gfield_visibility_visible\"  ><label class='gfield_label gform-field-label' for='input_1'>Email<span class=\"gfield_required\">*<\/span><\/label><div class='ginput_container ginput_container_text'><input name='input_1' id='input_1' type='text' value='' class=''     aria-required=\"true\" aria-invalid=\"false\"   \/><\/div><\/div>\n                        <script>\n                            const toggle = document.querySelector('.gf-password-toggle');\n                            const passwordInput = document.querySelector('#input_2');\n\n                            toggle.addEventListener('click', function () {\n                                const isPassword = passwordInput.type === 'password';\n                                passwordInput.type = isPassword ? 'text' : 'password';\n                                toggle.innerHTML = isPassword ? '<span class=\"dashicons dashicons-hidden\"><\/span>' : '<span class=\"dashicons dashicons-visibility\"><\/span>';\n                                toggle.title = isPassword ? 'Hide' : 'View';\n                            });\n                        <\/script><div id=\"field_2\" class=\"gfield gfield--type-text gfield_contains_required field_sublabel_below gfield--no-description field_description_below field_validation_below gfield_visibility_visible\"  ><label class='gfield_label gform-field-label' for='input_2'>Password<span class=\"gfield_required\">*<\/span><\/label><div class='ginput_container ginput_container_text'><input name='input_2' id='input_2' type='password' value='' class=''     aria-required=\"true\" aria-invalid=\"false\"   \/><button type=\"button\" class=\"gf-password-toggle\" title=\"View\"><span class=\"dashicons dashicons-visibility\"><\/span><\/button><\/div><\/div><div id=\"field_3\" class=\"gfield gfield--type-remember_me field_sublabel_below gfield--no-description field_description_below hidden_label field_validation_below gfield_visibility_visible\"  ><label for=\"choice_3\" class='gfield_label hidden gform-field-label gfield_label_before_complex' >Remember Me<\/label><div class='ginput_container ginput_container_checkbox'><div class='gfield_checkbox' id='input_3'><div class='gchoice gchoice_3'>\n\t\t\t\t\t\t<input class='gfield-choice-input' name='input_3.1' type='checkbox'  value='1'  id='choice_3'   \/>\n\t\t\t\t\t\t<label for='choice_3' id='label_3'>Remember Me<\/label>\n\t\t\t\t\t<\/div><\/div><\/div><\/div><\/div><div class=\"footer-container\"><a id=\"hammer_component_69ddf389d58db\" data-component=\"link\" class=\"component component-link link style-primary\" href=\"https:\/\/baslerservices.com\/fr\/mot-de-passe-oublie-2\/\" title=\"Forgot Password?\" target=\"\">        <span class=\"link-text\">Forgot Password?<\/span>\n        <\/a>\n\n        <div class='gform_footer top_label'> <button id=\"gform_submit_button_0\" data-component=\"button\" class=\"component component-button button style-action-4\" data-form-id=\"0\" type=\"submit\">    <span class=\"button-wrapper\">\n                    <strong class=\"button-text\">Log In<\/strong>\n        \n            <\/span>\n    <\/button>\n \n            <input type='hidden' class='gform_hidden' name='gform_submission_method' data-js='gform_submission_method_0' value='postback' \/>\n            <input type='hidden' class='gform_hidden' name='gform_theme' data-js='gform_theme_0' id='gform_theme_0' value='' \/>\n            <input type='hidden' class='gform_hidden' name='gform_style_settings' data-js='gform_style_settings_0' id='gform_style_settings_0' value='' \/>\n            <input type='hidden' class='gform_hidden' name='is_submit_0' value='1' \/>\n            <input type='hidden' class='gform_hidden' name='gform_submit' value='0' \/>\n            \n            <input type='hidden' class='gform_hidden' name='gform_unique_id' value='' \/>\n            <input type='hidden' class='gform_hidden' name='state_0' value='WyJbXSIsIjMzZDBkMmQ5NzU0NGYxMmZhM2UzYWE5YzI3MDJmNThkIl0=' \/>\n            <input type='hidden' autocomplete='off' class='gform_hidden' name='gform_target_page_number_0' id='gform_target_page_number_0' value='0' \/>\n            <input type='hidden' autocomplete='off' class='gform_hidden' name='gform_source_page_number_0' id='gform_source_page_number_0' value='1' \/>\n            <input type='hidden' name='gform_field_values' value='' \/>\n            \n        <\/div><\/div><\/div><\/form><\/div>                            <\/div>\n        <\/div>\n\n        <div class=\"left-content\">\n                            <figure id=\"hammer_component_69ddf389d5ded\" data-component=\"image\" class=\"component component-image image\">\n        <picture class=\"picture\">\n            <img decoding=\"async\" width=\"1560\" height=\"725\" src=\"https:\/\/baslerservices.com\/wp-content\/uploads\/2025\/03\/background-login.png\" class=\"img\" alt=\"\" loading=\"lazy\" title=\"\" srcset=\"https:\/\/baslerservices.com\/wp-content\/uploads\/2025\/03\/background-login.png 1560w, https:\/\/baslerservices.com\/wp-content\/uploads\/2025\/03\/background-login-768x357.png 768w, https:\/\/baslerservices.com\/wp-content\/uploads\/2025\/03\/background-login-1024x476.png 1024w, https:\/\/baslerservices.com\/wp-content\/uploads\/2025\/03\/background-login-150x70.png 150w, https:\/\/baslerservices.com\/wp-content\/uploads\/2025\/03\/background-login-414x192.png 414w\" sizes=\"auto, (max-width: 1560px) 100vw, 1560px\">        <\/picture>\n\n            <\/figure>\n            \n            <div class=\"content-wrapper\">\n                <h2 class=\"title\">Cr\u00e9er un compte<\/h2>\n\n                <div id=\"hammer_component_69ddf389d64b4\" data-component=\"rich-text\" class=\"component component-rich-text rich-text\"><p>Cr&eacute;ez un compte pour :<\/p>\n<ul>\n<li>Acc&eacute;dez aux ressources techniques<\/li>\n<li>G&eacute;n&eacute;rez un devis &agrave; l&rsquo;aide de notre catalogue en ligne<\/li>\n<li>T&eacute;l&eacute;charger le logiciel<\/li>\n<li>Et plus encore&nbsp;!<\/li>\n<\/ul>\n<\/div>\n<a id=\"hammer_component_69ddf389d6539\" data-component=\"button\" class=\"component component-button button style-primary-light\" href=\"https:\/\/baslerservices.com\/fr\/inscription\/\" target=\"\" title=\"Cr&eacute;er un compte\" aria-label=\"Cr&eacute;er un compte\">    <span class=\"button-wrapper\">\n                    <strong class=\"button-text\">Cr&eacute;er un compte<\/strong>\n        \n                    <span class=\"icon-wrapper\" aria-hidden=\"true\">\n                <span class=\"button-icon\">\n                    <?xml version=\"1.0\" encoding=\"UTF-8\"?> <svg xmlns=\"http:\/\/www.w3.org\/2000\/svg\" width=\"8\" height=\"8\" viewbox=\"0 0 8 8\" fill=\"currentColor\"><path fill-rule=\"evenodd\" clip-rule=\"evenodd\" d=\"M7.25606 1.27007L0.526065 8L0 7.47393L6.73 0.743975H0.789112V0H8.00004V7.21087H7.25606V1.27007Z\" fill=\"currentColor\"><\/path><\/svg>                 <\/span>\n            <\/span>\n            <\/span>\n    <\/a>\n            <\/div>\n        <\/div>\n    <\/div>\n    <\/section>","protected":false},"excerpt":{"rendered":"","protected":false},"author":1,"featured_media":0,"parent":0,"menu_order":0,"comment_status":"closed","ping_status":"closed","template":"","meta":{"_acf_changed":false,"content-type":"","inline_featured_image":false,"ep_exclude_from_search":false,"footnotes":""},"class_list":["post-764","page","type-page","status-publish","hentry"],"acf":[],"yoast_head":"<!-- This site is optimized with the Yoast SEO plugin v26.3 - https:\/\/yoast.com\/wordpress\/plugins\/seo\/ -->\n<title>Connexion | Basler Electric<\/title>\n<meta name=\"description\" content=\"Connectez-vous \u00e0 votre compte BSA pour acc\u00e9der \u00e0 des ressources techniques exclusives, des devis et des t\u00e9l\u00e9chargements de logiciels. Bienvenue sur votre profil !\" \/>\n<meta name=\"robots\" content=\"index, follow, max-snippet:-1, max-image-preview:large, max-video-preview:-1\" \/>\n<link rel=\"canonical\" href=\"https:\/\/baslerservices.com\/fr\/connexion\/\" \/>\n<meta property=\"og:locale\" content=\"fr_FR\" \/>\n<meta property=\"og:type\" content=\"article\" \/>\n<meta property=\"og:title\" content=\"Connexion | Basler Electric\" \/>\n<meta property=\"og:description\" content=\"Connectez-vous \u00e0 votre compte BSA pour acc\u00e9der \u00e0 des ressources techniques exclusives, des devis et des t\u00e9l\u00e9chargements de logiciels. Bienvenue sur votre profil !\" \/>\n<meta property=\"og:url\" content=\"https:\/\/baslerservices.com\/fr\/connexion\/\" \/>\n<meta property=\"og:site_name\" content=\"Basler Electric\" \/>\n<meta property=\"article:modified_time\" content=\"2025-11-03T20:19:13+00:00\" \/>\n<meta property=\"og:image\" content=\"https:\/\/baslerservices.com\/wp-content\/uploads\/2025\/07\/Basler-Default-Image.jpg\" \/>\n\t<meta property=\"og:image:width\" content=\"1920\" \/>\n\t<meta property=\"og:image:height\" content=\"1080\" \/>\n\t<meta property=\"og:image:type\" content=\"image\/jpeg\" \/>\n<meta name=\"twitter:card\" content=\"summary_large_image\" \/>\n<script type=\"application\/ld+json\" class=\"yoast-schema-graph\">{\"@context\":\"https:\/\/schema.org\",\"@graph\":[{\"@type\":\"WebPage\",\"@id\":\"https:\/\/baslerservices.com\/fr\/connexion\/\",\"url\":\"https:\/\/baslerservices.com\/fr\/connexion\/\",\"name\":\"Connexion | Basler Electric\",\"isPartOf\":{\"@id\":\"https:\/\/catalog.basler.com\/#website\"},\"datePublished\":\"2024-11-25T22:29:39+00:00\",\"dateModified\":\"2025-11-03T20:19:13+00:00\",\"description\":\"Connectez-vous \u00e0 votre compte BSA pour acc\u00e9der \u00e0 des ressources techniques exclusives, des devis et des t\u00e9l\u00e9chargements de logiciels. Bienvenue sur votre profil !\",\"breadcrumb\":{\"@id\":\"https:\/\/baslerservices.com\/fr\/connexion\/#breadcrumb\"},\"inLanguage\":\"fr-FR\",\"potentialAction\":[{\"@type\":\"ReadAction\",\"target\":[\"https:\/\/baslerservices.com\/fr\/connexion\/\"]}]},{\"@type\":\"BreadcrumbList\",\"@id\":\"https:\/\/baslerservices.com\/fr\/connexion\/#breadcrumb\",\"itemListElement\":[{\"@type\":\"ListItem\",\"position\":1,\"name\":\"Home\",\"item\":\"https:\/\/fr.basler.com\/fr\/\"},{\"@type\":\"ListItem\",\"position\":2,\"name\":\"Connexion\"}]},{\"@type\":\"WebSite\",\"@id\":\"https:\/\/catalog.basler.com\/#website\",\"url\":\"https:\/\/catalog.basler.com\/\",\"name\":\"Basler Electric\",\"description\":\"\",\"publisher\":{\"@id\":\"https:\/\/catalog.basler.com\/#organization\"},\"potentialAction\":[{\"@type\":\"SearchAction\",\"target\":{\"@type\":\"EntryPoint\",\"urlTemplate\":\"https:\/\/catalog.basler.com\/?s={search_term_string}\"},\"query-input\":{\"@type\":\"PropertyValueSpecification\",\"valueRequired\":true,\"valueName\":\"search_term_string\"}}],\"inLanguage\":\"fr-FR\"},{\"@type\":\"Organization\",\"@id\":\"https:\/\/catalog.basler.com\/#organization\",\"name\":\"Basler Electric\",\"url\":\"https:\/\/catalog.basler.com\/\",\"logo\":{\"@type\":\"ImageObject\",\"inLanguage\":\"fr-FR\",\"@id\":\"https:\/\/catalog.basler.com\/#\/schema\/logo\/image\/\",\"url\":\"https:\/\/www.basler.com\/wp-content\/uploads\/2025\/10\/Basler-Logo-Favicon.png\",\"contentUrl\":\"https:\/\/www.basler.com\/wp-content\/uploads\/2025\/10\/Basler-Logo-Favicon.png\",\"width\":512,\"height\":512,\"caption\":\"Basler Electric\"},\"image\":{\"@id\":\"https:\/\/catalog.basler.com\/#\/schema\/logo\/image\/\"}}]}<\/script>\n<!-- \/ Yoast SEO plugin. -->","yoast_head_json":{"title":"Connexion | Basler Electric","description":"Connectez-vous \u00e0 votre compte BSA pour acc\u00e9der \u00e0 des ressources techniques exclusives, des devis et des t\u00e9l\u00e9chargements de logiciels. Bienvenue sur votre profil !","robots":{"index":"index","follow":"follow","max-snippet":"max-snippet:-1","max-image-preview":"max-image-preview:large","max-video-preview":"max-video-preview:-1"},"canonical":"https:\/\/baslerservices.com\/fr\/connexion\/","og_locale":"fr_FR","og_type":"article","og_title":"Connexion | Basler Electric","og_description":"Connectez-vous \u00e0 votre compte BSA pour acc\u00e9der \u00e0 des ressources techniques exclusives, des devis et des t\u00e9l\u00e9chargements de logiciels. Bienvenue sur votre profil !","og_url":"https:\/\/baslerservices.com\/fr\/connexion\/","og_site_name":"Basler Electric","article_modified_time":"2025-11-03T20:19:13+00:00","og_image":[{"width":1920,"height":1080,"url":"https:\/\/baslerservices.com\/wp-content\/uploads\/2025\/07\/Basler-Default-Image.jpg","type":"image\/jpeg"}],"twitter_card":"summary_large_image","schema":{"@context":"https:\/\/schema.org","@graph":[{"@type":"WebPage","@id":"https:\/\/baslerservices.com\/fr\/connexion\/","url":"https:\/\/baslerservices.com\/fr\/connexion\/","name":"Connexion | Basler Electric","isPartOf":{"@id":"https:\/\/catalog.basler.com\/#website"},"datePublished":"2024-11-25T22:29:39+00:00","dateModified":"2025-11-03T20:19:13+00:00","description":"Connectez-vous \u00e0 votre compte BSA pour acc\u00e9der \u00e0 des ressources techniques exclusives, des devis et des t\u00e9l\u00e9chargements de logiciels. Bienvenue sur votre profil !","breadcrumb":{"@id":"https:\/\/baslerservices.com\/fr\/connexion\/#breadcrumb"},"inLanguage":"fr-FR","potentialAction":[{"@type":"ReadAction","target":["https:\/\/baslerservices.com\/fr\/connexion\/"]}]},{"@type":"BreadcrumbList","@id":"https:\/\/baslerservices.com\/fr\/connexion\/#breadcrumb","itemListElement":[{"@type":"ListItem","position":1,"name":"Home","item":"https:\/\/fr.basler.com\/fr\/"},{"@type":"ListItem","position":2,"name":"Connexion"}]},{"@type":"WebSite","@id":"https:\/\/catalog.basler.com\/#website","url":"https:\/\/catalog.basler.com\/","name":"Basler Electric","description":"","publisher":{"@id":"https:\/\/catalog.basler.com\/#organization"},"potentialAction":[{"@type":"SearchAction","target":{"@type":"EntryPoint","urlTemplate":"https:\/\/catalog.basler.com\/?s={search_term_string}"},"query-input":{"@type":"PropertyValueSpecification","valueRequired":true,"valueName":"search_term_string"}}],"inLanguage":"fr-FR"},{"@type":"Organization","@id":"https:\/\/catalog.basler.com\/#organization","name":"Basler Electric","url":"https:\/\/catalog.basler.com\/","logo":{"@type":"ImageObject","inLanguage":"fr-FR","@id":"https:\/\/catalog.basler.com\/#\/schema\/logo\/image\/","url":"https:\/\/www.basler.com\/wp-content\/uploads\/2025\/10\/Basler-Logo-Favicon.png","contentUrl":"https:\/\/www.basler.com\/wp-content\/uploads\/2025\/10\/Basler-Logo-Favicon.png","width":512,"height":512,"caption":"Basler Electric"},"image":{"@id":"https:\/\/catalog.basler.com\/#\/schema\/logo\/image\/"}}]}},"_links":{"self":[{"href":"https:\/\/baslerservices.com\/fr\/wp-json\/wp\/v2\/pages\/764","targetHints":{"allow":["GET"]}}],"collection":[{"href":"https:\/\/baslerservices.com\/fr\/wp-json\/wp\/v2\/pages"}],"about":[{"href":"https:\/\/baslerservices.com\/fr\/wp-json\/wp\/v2\/types\/page"}],"author":[{"embeddable":true,"href":"https:\/\/baslerservices.com\/fr\/wp-json\/wp\/v2\/users\/1"}],"replies":[{"embeddable":true,"href":"https:\/\/baslerservices.com\/fr\/wp-json\/wp\/v2\/comments?post=764"}],"version-history":[{"count":3,"href":"https:\/\/baslerservices.com\/fr\/wp-json\/wp\/v2\/pages\/764\/revisions"}],"predecessor-version":[{"id":57755,"href":"https:\/\/baslerservices.com\/fr\/wp-json\/wp\/v2\/pages\/764\/revisions\/57755"}],"wp:attachment":[{"href":"https:\/\/baslerservices.com\/fr\/wp-json\/wp\/v2\/media?parent=764"}],"curies":[{"name":"wp","href":"https:\/\/api.w.org\/{rel}","templated":true}]}}