{"id":54745,"date":"2025-05-29T07:50:28","date_gmt":"2025-05-29T12:50:28","guid":{"rendered":"https:\/\/www.basler.com\/logiciel\/"},"modified":"2025-09-12T13:08:58","modified_gmt":"2025-09-12T18:08:58","slug":"logiciel","status":"publish","type":"page","link":"https:\/\/baslerservices.com\/fr\/logiciel\/","title":{"rendered":"Logiciel"},"content":{"rendered":"<section  data-block-id=\"hammer_block_e7d9816761542b2e0915d73b0c1a5616\" data-block=\"hero-background-image-text\" class=\"block block-hero-background-image-text hero-background-image-text spacing-top-petit spacing-bottom-petit style-compact\">\t<div class=\"wrapper has-media full-width\">\r\n\t\t<div class=\"inner\">\r\n\t\t\t<figure id=\"hammer_component_69df24c0af952\" data-component=\"image\" class=\"component component-image image bg-image has-overlay\">\n        <picture class=\"picture\">\n            <img decoding=\"async\" width=\"1600\" height=\"934\" src=\"https:\/\/baslerservices.com\/wp-content\/uploads\/2025\/06\/Bestdata-image-1600x934.png\" class=\"img\" alt=\"\" loading=\"lazy\" title=\"\" srcset=\"https:\/\/baslerservices.com\/wp-content\/uploads\/2025\/06\/Bestdata-image-1600x934.png 1600w, https:\/\/baslerservices.com\/wp-content\/uploads\/2025\/06\/Bestdata-image-768x448.png 768w, https:\/\/baslerservices.com\/wp-content\/uploads\/2025\/06\/Bestdata-image-1024x597.png 1024w, https:\/\/baslerservices.com\/wp-content\/uploads\/2025\/06\/Bestdata-image-150x88.png 150w, https:\/\/baslerservices.com\/wp-content\/uploads\/2025\/06\/Bestdata-image-414x242.png 414w, https:\/\/baslerservices.com\/wp-content\/uploads\/2025\/06\/Bestdata-image-1920x1120.png 1920w\" sizes=\"auto, (max-width: 1600px) 100vw, 1600px\">        <\/picture>\n\n            <\/figure>\n\r\n\t\t\t\r\n\t\t\t<div class=\"content-wrapper\">\r\n\t\t\t\t<h1 id=\"hammer_component_69df24c0afddf\" data-component=\"headline\" class=\"component component-headline headline title style-default\">Logiciel  <\/h1>\n\r\n\t\t\t\t<div class=\"text\">\r\n\t\t\t\t\t\r\n\t\t\t\t\t\t\t\t\t\t\t\t\t\t\t\t\t\t\t\t<\/div>\r\n\r\n\t\t\t<\/div>\r\n\t\t<\/div>\r\n\t<\/div>\r\n<\/section><section  data-block-id=\"hammer_block_8859cf5a81fd49346a9a0d6a903d3ddb\" data-block=\"content-block-2\" class=\"block block-content-block-2 content-block-2 bg-light spacing-top-small spacing-bottom-small\">    <div class=\"wrapper right\">\n                    <div class=\"image-wrapper\">\n                <div id=\"hammer_component_69df24c0cb849\" data-component=\"image-video\" class=\"component component-image-video image-video\"><figure id=\"hammer_component_69df24c0cb883\" data-component=\"image\" class=\"component component-image image has-overlay\">\n        <picture class=\"picture\">\n            <img decoding=\"async\" width=\"1024\" height=\"576\" src=\"https:\/\/baslerservices.com\/wp-content\/uploads\/2025\/06\/BESTCOMSPlus-on-Engineering-Screen-1024x576.png\" class=\"img\" alt=\"\" loading=\"lazy\" title=\"\" srcset=\"https:\/\/baslerservices.com\/wp-content\/uploads\/2025\/06\/BESTCOMSPlus-on-Engineering-Screen-1024x576.png 1024w, https:\/\/baslerservices.com\/wp-content\/uploads\/2025\/06\/BESTCOMSPlus-on-Engineering-Screen-768x432.png 768w, https:\/\/baslerservices.com\/wp-content\/uploads\/2025\/06\/BESTCOMSPlus-on-Engineering-Screen-150x84.png 150w, https:\/\/baslerservices.com\/wp-content\/uploads\/2025\/06\/BESTCOMSPlus-on-Engineering-Screen-414x233.png 414w, https:\/\/baslerservices.com\/wp-content\/uploads\/2025\/06\/BESTCOMSPlus-on-Engineering-Screen-1600x900.png 1600w, https:\/\/baslerservices.com\/wp-content\/uploads\/2025\/06\/BESTCOMSPlus-on-Engineering-Screen.png 1920w\" sizes=\"auto, (max-width: 1024px) 100vw, 1024px\">        <\/picture>\n\n            <\/figure>\n<\/div>\n            <\/div>\n        \n        <div class=\"content\">\n            <div class=\"partials\">\n                <div class=\"headline-wrapper\">\n                    \n                    <h2 id=\"hammer_component_69df24c0cc120\" data-component=\"headline\" class=\"component component-headline headline style-default\">BESTCOMS<em>Plus<\/em>&reg;<\/h2>\n                <\/div>\n\n                <div id=\"hammer_component_69df24c0cc189\" data-component=\"rich-text\" class=\"component component-rich-text rich-text\"><p>Les appareils num&eacute;riques modernes offrent un large &eacute;ventail de param&egrave;tres configurables pour r&eacute;pondre aux divers besoins des applications. Avec autant de param&egrave;tres et de fonctions disponibles, il est essentiel d&rsquo;avoir une interface ax&eacute;e sur l&rsquo;utilisateur. C&rsquo;est ce qu&rsquo;offre BESTCOMS<em>Plus<\/em>&reg;, en aidant les utilisateurs &agrave; visualiser les configurations des appareils et &agrave; g&eacute;rer en toute confiance les interactions syst&egrave;me pour la mise en service, l&rsquo;exploitation et le diagnostic.  <\/p>\n<\/div>\n\n                                    <div class=\"buttons\">\n                                                                                    <a id=\"hammer_component_69df24c0cc2c8\" data-component=\"button\" class=\"component component-button button style-primaire\" href=\"https:\/\/www.basler.com\/product\/bestcomsplus\/\" target=\"\" title=\"T&eacute;l&eacute;charger BESTCOMS<em>Plus<\/em>&reg;\" aria-label=\"T&eacute;l&eacute;charger BESTCOMS<em>Plus<\/em>&reg;\">    <span class=\"button-wrapper\">\n                    <strong class=\"button-text\">T&eacute;l&eacute;charger BESTCOMS<em>Plus<\/em>&reg;<\/strong>\n        \n                    <span class=\"icon-wrapper\" aria-hidden=\"true\">\n                <span class=\"button-icon\">\n                    <?xml version=\"1.0\" encoding=\"UTF-8\"?> <svg xmlns=\"http:\/\/www.w3.org\/2000\/svg\" width=\"8\" height=\"8\" viewbox=\"0 0 8 8\" fill=\"currentColor\"><path fill-rule=\"evenodd\" clip-rule=\"evenodd\" d=\"M7.25606 1.27007L0.526065 8L0 7.47393L6.73 0.743975H0.789112V0H8.00004V7.21087H7.25606V1.27007Z\" fill=\"currentColor\"><\/path><\/svg>                 <\/span>\n            <\/span>\n            <\/span>\n    <\/a>\n                                                                        <\/div>\n                            <\/div>\n        <\/div>\n    <\/div>\n<\/section><section  data-block-id=\"hammer_block_886cd757f0c483f2bba90f49a7e09b11\" data-block=\"text-2\" class=\"block block-text-2 text-2 bg-lumi\u00e8re spacing-top-petit spacing-bottom-petit\">    <div class=\"wrapper\">\n        \n                    <div class=\"columns \">\n                                    <div class=\"column\">\n                        <div id=\"hammer_component_69df24c0d6b25\" data-component=\"rich-text\" class=\"component component-rich-text rich-text\"><p><strong>Gestion des param&egrave;tres : <\/strong>Les param&egrave;tres sont repr&eacute;sent&eacute;s visuellement et organis&eacute;s dans un format d&rsquo;arborescence logique ou une navigation intuitive. Cette disposition r&eacute;duit la probabilit&eacute; de configurations incorrectes et permet de localiser rapidement et facilement des param&egrave;tres sp&eacute;cifiques. Des indicateurs visuels et des menus structur&eacute;s assurent un acc&egrave;s et une validation efficaces.  <\/p>\n<p><strong>Configuration logique :<\/strong> Mettez en &oelig;uvre et g&eacute;rez la logique en toute simplicit&eacute; &agrave; l&rsquo;aide d&rsquo;outils graphiques de glisser-d&eacute;poser, avec les caract&eacute;ristiques suivantes<br>\n&nbsp;:&bull; Simulation<br>\n hors ligne&bull; Surveillance<br>\n de l&rsquo;&eacute;tat en temps r&eacute;el&bull; R&eacute;duction du risque<br>\n d&rsquo;erreur&bull; Visibilit&eacute; totale sur chaque appareil<br>\n&bull; Retour d&rsquo;information en direct<\/p>\n<\/div>\n                    <\/div>\n                                    <div class=\"column\">\n                        <div id=\"hammer_component_69df24c0d6c96\" data-component=\"rich-text\" class=\"component component-rich-text rich-text\"><p><strong>Outils de comptage et de mise en service :<\/strong> Optimisez la configuration du syst&egrave;me gr&acirc;ce &agrave; l&rsquo;analyse et &agrave; l&rsquo;enregistrement des donn&eacute;es en temps r&eacute;el. Les outils cl&eacute;s comprennent<br>\n&bull; Injection<br>\n de r&eacute;ponse pas &agrave; pas et en fr&eacute;quence&bull; Interfaces<br>\n de panneau de commande&bull; Diagrammes de phaseur<br>\n&bull; Vues &eacute;tendues de mesure et d&rsquo;&eacute;tat<br>\n logique&bull; Tests de conformit&eacute; NERC <\/p>\n<p>Ces fonctionnalit&eacute;s am&eacute;liorent l&rsquo;efficacit&eacute; de la mise en service, renforcent la confiance pendant les tests et soutiennent les activit&eacute;s de conformit&eacute;.<\/p>\n<\/div>\n                    <\/div>\n                            <\/div>\n        \n            <\/div>\n    <\/section><section  data-block-id=\"hammer_block_27aed0606c09520697eec237fdc3a761\" data-block=\"content-block-2\" class=\"block block-content-block-2 content-block-2 bg-light spacing-top-small spacing-bottom-small\">    <div class=\"wrapper right\">\n                    <div class=\"image-wrapper\">\n                <div id=\"hammer_component_69df24c0df60a\" data-component=\"image-video\" class=\"component component-image-video image-video\"><figure id=\"hammer_component_69df24c0df63c\" data-component=\"image\" class=\"component component-image image has-overlay\">\n        <picture class=\"picture\">\n            <img decoding=\"async\" width=\"1024\" height=\"576\" src=\"https:\/\/baslerservices.com\/wp-content\/uploads\/2025\/06\/BESTData-on-Screen-in-Field-1024x576.png\" class=\"img\" alt=\"\" loading=\"lazy\" title=\"\" srcset=\"https:\/\/baslerservices.com\/wp-content\/uploads\/2025\/06\/BESTData-on-Screen-in-Field-1024x576.png 1024w, https:\/\/baslerservices.com\/wp-content\/uploads\/2025\/06\/BESTData-on-Screen-in-Field-768x432.png 768w, https:\/\/baslerservices.com\/wp-content\/uploads\/2025\/06\/BESTData-on-Screen-in-Field-150x84.png 150w, https:\/\/baslerservices.com\/wp-content\/uploads\/2025\/06\/BESTData-on-Screen-in-Field-414x233.png 414w, https:\/\/baslerservices.com\/wp-content\/uploads\/2025\/06\/BESTData-on-Screen-in-Field-1600x900.png 1600w, https:\/\/baslerservices.com\/wp-content\/uploads\/2025\/06\/BESTData-on-Screen-in-Field.png 1920w\" sizes=\"auto, (max-width: 1024px) 100vw, 1024px\">        <\/picture>\n\n            <\/figure>\n<\/div>\n            <\/div>\n        \n        <div class=\"content\">\n            <div class=\"partials\">\n                <div class=\"headline-wrapper\">\n                    \n                    <h2 id=\"hammer_component_69df24c0dfda8\" data-component=\"headline\" class=\"component component-headline headline style-default\">BESTdata<\/h2>\n                <\/div>\n\n                <div id=\"hammer_component_69df24c0dfe05\" data-component=\"rich-text\" class=\"component component-rich-text rich-text\"><p>Dans les syst&egrave;mes &eacute;lectriques du monde r&eacute;el, une onde sinuso&iuml;dale parfaite est pratiquement inexistante. Les relais de protection et les appareils num&eacute;riques s&rsquo;appuient sur des algorithmes et des techniques de filtrage avanc&eacute;s pour fournir des d&eacute;cisions pr&eacute;cises et en temps r&eacute;el. BESTdata est un outil puissant qui permet aux utilisateurs d&rsquo;inverser le temps et d&rsquo;analyser en d&eacute;tail les donn&eacute;es d&rsquo;&eacute;v&eacute;nements pr&eacute;c&eacute;demment enregistr&eacute;es. Ce niveau d&rsquo;analyse est essentiel pour identifier la cause profonde des &eacute;v&eacute;nements du syst&egrave;me, en particulier lorsque les mesures de magnitude de base seules sont insuffisantes.   <\/p>\n<\/div>\n\n                                    <div class=\"buttons\">\n                                                                                    <a id=\"hammer_component_69df24c0dff1c\" data-component=\"button\" class=\"component component-button button style-primaire\" href=\"https:\/\/www.basler.com\/product\/bestdata\/\" target=\"\" title=\"T&eacute;l&eacute;charger BESTdata\" aria-label=\"T&eacute;l&eacute;charger BESTdata\">    <span class=\"button-wrapper\">\n                    <strong class=\"button-text\">T&eacute;l&eacute;charger BESTdata<\/strong>\n        \n                    <span class=\"icon-wrapper\" aria-hidden=\"true\">\n                <span class=\"button-icon\">\n                    <?xml version=\"1.0\" encoding=\"UTF-8\"?> <svg xmlns=\"http:\/\/www.w3.org\/2000\/svg\" width=\"8\" height=\"8\" viewbox=\"0 0 8 8\" fill=\"currentColor\"><path fill-rule=\"evenodd\" clip-rule=\"evenodd\" d=\"M7.25606 1.27007L0.526065 8L0 7.47393L6.73 0.743975H0.789112V0H8.00004V7.21087H7.25606V1.27007Z\" fill=\"currentColor\"><\/path><\/svg>                 <\/span>\n            <\/span>\n            <\/span>\n    <\/a>\n                                                                        <\/div>\n                            <\/div>\n        <\/div>\n    <\/div>\n<\/section><section  data-block-id=\"hammer_block_c25cdfe98c77e29805c8facdb9b8484a\" data-block=\"text-2\" class=\"block block-text-2 text-2 bg-lumi\u00e8re spacing-top-petit spacing-bottom-petit\">    <div class=\"wrapper\">\n        \n                    <div class=\"columns \">\n                                    <div class=\"column\">\n                        <div id=\"hammer_component_69df24c0e32a4\" data-component=\"rich-text\" class=\"component component-rich-text rich-text\"><p><strong>Analysez les enregistrements COMTRADE :<\/strong> BESTdata est enti&egrave;rement compatible avec les enregistrements normalis&eacute;s COMTRADE. Non seulement il ouvre ces fichiers, mais il permet &eacute;galement un traitement math&eacute;matique avanc&eacute; pour prendre en charge l&rsquo;analyse approfondie des donn&eacute;es d&rsquo;&eacute;v&eacute;nement. <\/p>\n<p><strong>Visuels intuitifs : <\/strong>Les outils graphiques int&eacute;gr&eacute;s fournissent des informations rapides et claires sur les signaux analogiques et num&eacute;riques, y compris les phaseurs, les valeurs RMS, les valeurs de cr&ecirc;te et d&rsquo;autres variables cl&eacute;s couramment utilis&eacute;es dans l&rsquo;analyse du syst&egrave;me.<\/p>\n<\/div>\n                    <\/div>\n                                    <div class=\"column\">\n                        <div id=\"hammer_component_69df24c0e33a9\" data-component=\"rich-text\" class=\"component component-rich-text rich-text\"><p><strong>Canaux virtuels : <\/strong>La plupart des &eacute;quipements num&eacute;riques ne capturent que la tension et le courant en tant que canaux de donn&eacute;es s&eacute;par&eacute;s. Avec les canaux virtuels, BESTdata calcule des variables suppl&eacute;mentaires d&eacute;riv&eacute;es de ces mesures de base, &eacute;tendant ainsi les capacit&eacute;s des fichiers COMTRADE. Cela inclut des mesures telles que l&rsquo;imp&eacute;dance, la puissance, le courant diff&eacute;rentiel et d&rsquo;autres valeurs essentielles utilis&eacute;es dans l&rsquo;analyse du syst&egrave;me d&rsquo;alimentation.  <\/p>\n<p><strong>Les graphiques de trajectoire et de phaseur<\/strong> aident les utilisateurs &agrave; visualiser la progression des &eacute;v&eacute;nements du syst&egrave;me au fil du temps. Ces graphiques peuvent &ecirc;tre configur&eacute;s pour afficher des donn&eacute;es brutes et calcul&eacute;es, y compris l&rsquo;imp&eacute;dance, la puissance et les valeurs des composants sym&eacute;triques. Cela permet d&rsquo;obtenir un aper&ccedil;u plus approfondi du comportement du syst&egrave;me.  <\/p>\n<\/div>\n                    <\/div>\n                            <\/div>\n        \n            <\/div>\n    <\/section>","protected":false},"excerpt":{"rendered":"","protected":false},"author":1,"featured_media":0,"parent":0,"menu_order":0,"comment_status":"closed","ping_status":"closed","template":"","meta":{"_acf_changed":false,"content-type":"","inline_featured_image":false,"ep_exclude_from_search":false,"footnotes":""},"class_list":["post-54745","page","type-page","status-publish","hentry"],"acf":[],"yoast_head":"<!-- This site is optimized with the Yoast SEO plugin v26.3 - https:\/\/yoast.com\/wordpress\/plugins\/seo\/ -->\n<title>Logiciel | Basler Electric<\/title>\n<meta name=\"description\" content=\"D\u00e9couvrez notre logiciel innovant, con\u00e7u pour optimiser votre productivit\u00e9 et simplifier vos t\u00e2ches quotidiennes. Essayez-le d\u00e8s aujourd&#039;hui!\" \/>\n<meta name=\"robots\" content=\"index, follow, max-snippet:-1, max-image-preview:large, max-video-preview:-1\" \/>\n<link rel=\"canonical\" href=\"https:\/\/baslerservices.com\/fr\/logiciel\/\" \/>\n<meta property=\"og:locale\" content=\"fr_FR\" \/>\n<meta property=\"og:type\" content=\"article\" \/>\n<meta property=\"og:title\" content=\"Logiciel | Basler Electric\" \/>\n<meta property=\"og:description\" content=\"D\u00e9couvrez notre logiciel innovant, con\u00e7u pour optimiser votre productivit\u00e9 et simplifier vos t\u00e2ches quotidiennes. Essayez-le d\u00e8s aujourd&#039;hui!\" \/>\n<meta property=\"og:url\" content=\"https:\/\/baslerservices.com\/fr\/logiciel\/\" \/>\n<meta property=\"og:site_name\" content=\"Basler Electric\" \/>\n<meta property=\"article:modified_time\" content=\"2025-09-12T18:08:58+00:00\" \/>\n<meta property=\"og:image\" content=\"https:\/\/baslerservices.com\/wp-content\/uploads\/2025\/07\/Basler-Default-Image.jpg\" \/>\n\t<meta property=\"og:image:width\" content=\"1920\" \/>\n\t<meta property=\"og:image:height\" content=\"1080\" \/>\n\t<meta property=\"og:image:type\" content=\"image\/jpeg\" \/>\n<meta name=\"twitter:card\" content=\"summary_large_image\" \/>\n<script type=\"application\/ld+json\" class=\"yoast-schema-graph\">{\"@context\":\"https:\/\/schema.org\",\"@graph\":[{\"@type\":\"WebPage\",\"@id\":\"https:\/\/baslerservices.com\/fr\/logiciel\/\",\"url\":\"https:\/\/baslerservices.com\/fr\/logiciel\/\",\"name\":\"Logiciel | Basler Electric\",\"isPartOf\":{\"@id\":\"https:\/\/catalog.basler.com\/#website\"},\"datePublished\":\"2025-05-29T12:50:28+00:00\",\"dateModified\":\"2025-09-12T18:08:58+00:00\",\"description\":\"D\u00e9couvrez notre logiciel innovant, con\u00e7u pour optimiser votre productivit\u00e9 et simplifier vos t\u00e2ches quotidiennes. Essayez-le d\u00e8s aujourd'hui!\",\"breadcrumb\":{\"@id\":\"https:\/\/baslerservices.com\/fr\/logiciel\/#breadcrumb\"},\"inLanguage\":\"fr-FR\",\"potentialAction\":[{\"@type\":\"ReadAction\",\"target\":[\"https:\/\/baslerservices.com\/fr\/logiciel\/\"]}]},{\"@type\":\"BreadcrumbList\",\"@id\":\"https:\/\/baslerservices.com\/fr\/logiciel\/#breadcrumb\",\"itemListElement\":[{\"@type\":\"ListItem\",\"position\":1,\"name\":\"Home\",\"item\":\"https:\/\/fr.basler.com\/fr\/\"},{\"@type\":\"ListItem\",\"position\":2,\"name\":\"Logiciel\"}]},{\"@type\":\"WebSite\",\"@id\":\"https:\/\/catalog.basler.com\/#website\",\"url\":\"https:\/\/catalog.basler.com\/\",\"name\":\"Basler Electric\",\"description\":\"\",\"publisher\":{\"@id\":\"https:\/\/catalog.basler.com\/#organization\"},\"potentialAction\":[{\"@type\":\"SearchAction\",\"target\":{\"@type\":\"EntryPoint\",\"urlTemplate\":\"https:\/\/catalog.basler.com\/?s={search_term_string}\"},\"query-input\":{\"@type\":\"PropertyValueSpecification\",\"valueRequired\":true,\"valueName\":\"search_term_string\"}}],\"inLanguage\":\"fr-FR\"},{\"@type\":\"Organization\",\"@id\":\"https:\/\/catalog.basler.com\/#organization\",\"name\":\"Basler Electric\",\"url\":\"https:\/\/catalog.basler.com\/\",\"logo\":{\"@type\":\"ImageObject\",\"inLanguage\":\"fr-FR\",\"@id\":\"https:\/\/catalog.basler.com\/#\/schema\/logo\/image\/\",\"url\":\"https:\/\/www.basler.com\/wp-content\/uploads\/2025\/10\/Basler-Logo-Favicon.png\",\"contentUrl\":\"https:\/\/www.basler.com\/wp-content\/uploads\/2025\/10\/Basler-Logo-Favicon.png\",\"width\":512,\"height\":512,\"caption\":\"Basler Electric\"},\"image\":{\"@id\":\"https:\/\/catalog.basler.com\/#\/schema\/logo\/image\/\"}}]}<\/script>\n<!-- \/ Yoast SEO plugin. -->","yoast_head_json":{"title":"Logiciel | Basler Electric","description":"D\u00e9couvrez notre logiciel innovant, con\u00e7u pour optimiser votre productivit\u00e9 et simplifier vos t\u00e2ches quotidiennes. Essayez-le d\u00e8s aujourd'hui!","robots":{"index":"index","follow":"follow","max-snippet":"max-snippet:-1","max-image-preview":"max-image-preview:large","max-video-preview":"max-video-preview:-1"},"canonical":"https:\/\/baslerservices.com\/fr\/logiciel\/","og_locale":"fr_FR","og_type":"article","og_title":"Logiciel | Basler Electric","og_description":"D\u00e9couvrez notre logiciel innovant, con\u00e7u pour optimiser votre productivit\u00e9 et simplifier vos t\u00e2ches quotidiennes. Essayez-le d\u00e8s aujourd'hui!","og_url":"https:\/\/baslerservices.com\/fr\/logiciel\/","og_site_name":"Basler Electric","article_modified_time":"2025-09-12T18:08:58+00:00","og_image":[{"width":1920,"height":1080,"url":"https:\/\/baslerservices.com\/wp-content\/uploads\/2025\/07\/Basler-Default-Image.jpg","type":"image\/jpeg"}],"twitter_card":"summary_large_image","schema":{"@context":"https:\/\/schema.org","@graph":[{"@type":"WebPage","@id":"https:\/\/baslerservices.com\/fr\/logiciel\/","url":"https:\/\/baslerservices.com\/fr\/logiciel\/","name":"Logiciel | Basler Electric","isPartOf":{"@id":"https:\/\/catalog.basler.com\/#website"},"datePublished":"2025-05-29T12:50:28+00:00","dateModified":"2025-09-12T18:08:58+00:00","description":"D\u00e9couvrez notre logiciel innovant, con\u00e7u pour optimiser votre productivit\u00e9 et simplifier vos t\u00e2ches quotidiennes. Essayez-le d\u00e8s aujourd'hui!","breadcrumb":{"@id":"https:\/\/baslerservices.com\/fr\/logiciel\/#breadcrumb"},"inLanguage":"fr-FR","potentialAction":[{"@type":"ReadAction","target":["https:\/\/baslerservices.com\/fr\/logiciel\/"]}]},{"@type":"BreadcrumbList","@id":"https:\/\/baslerservices.com\/fr\/logiciel\/#breadcrumb","itemListElement":[{"@type":"ListItem","position":1,"name":"Home","item":"https:\/\/fr.basler.com\/fr\/"},{"@type":"ListItem","position":2,"name":"Logiciel"}]},{"@type":"WebSite","@id":"https:\/\/catalog.basler.com\/#website","url":"https:\/\/catalog.basler.com\/","name":"Basler Electric","description":"","publisher":{"@id":"https:\/\/catalog.basler.com\/#organization"},"potentialAction":[{"@type":"SearchAction","target":{"@type":"EntryPoint","urlTemplate":"https:\/\/catalog.basler.com\/?s={search_term_string}"},"query-input":{"@type":"PropertyValueSpecification","valueRequired":true,"valueName":"search_term_string"}}],"inLanguage":"fr-FR"},{"@type":"Organization","@id":"https:\/\/catalog.basler.com\/#organization","name":"Basler Electric","url":"https:\/\/catalog.basler.com\/","logo":{"@type":"ImageObject","inLanguage":"fr-FR","@id":"https:\/\/catalog.basler.com\/#\/schema\/logo\/image\/","url":"https:\/\/www.basler.com\/wp-content\/uploads\/2025\/10\/Basler-Logo-Favicon.png","contentUrl":"https:\/\/www.basler.com\/wp-content\/uploads\/2025\/10\/Basler-Logo-Favicon.png","width":512,"height":512,"caption":"Basler Electric"},"image":{"@id":"https:\/\/catalog.basler.com\/#\/schema\/logo\/image\/"}}]}},"_links":{"self":[{"href":"https:\/\/baslerservices.com\/fr\/wp-json\/wp\/v2\/pages\/54745","targetHints":{"allow":["GET"]}}],"collection":[{"href":"https:\/\/baslerservices.com\/fr\/wp-json\/wp\/v2\/pages"}],"about":[{"href":"https:\/\/baslerservices.com\/fr\/wp-json\/wp\/v2\/types\/page"}],"author":[{"embeddable":true,"href":"https:\/\/baslerservices.com\/fr\/wp-json\/wp\/v2\/users\/1"}],"replies":[{"embeddable":true,"href":"https:\/\/baslerservices.com\/fr\/wp-json\/wp\/v2\/comments?post=54745"}],"version-history":[{"count":1,"href":"https:\/\/baslerservices.com\/fr\/wp-json\/wp\/v2\/pages\/54745\/revisions"}],"predecessor-version":[{"id":54746,"href":"https:\/\/baslerservices.com\/fr\/wp-json\/wp\/v2\/pages\/54745\/revisions\/54746"}],"wp:attachment":[{"href":"https:\/\/baslerservices.com\/fr\/wp-json\/wp\/v2\/media?parent=54745"}],"curies":[{"name":"wp","href":"https:\/\/api.w.org\/{rel}","templated":true}]}}