{"id":54466,"date":"2024-10-08T01:24:37","date_gmt":"2024-10-08T06:24:37","guid":{"rendered":"https:\/\/www.basler.com\/404-seite-nicht-gefunden\/"},"modified":"2025-09-12T12:50:27","modified_gmt":"2025-09-12T17:50:27","slug":"404-seite-nicht-gefunden","status":"publish","type":"page","link":"https:\/\/baslerservices.com\/de\/404-seite-nicht-gefunden\/","title":{"rendered":"404 &#8211; Seite nicht gefunden"},"content":{"rendered":"<section  data-block-id=\"hammer_block_d5e3e46ba1698583dc85b2b9428cee56\" data-block=\"text-1\" class=\"block block-text-1 text-1\">    <div class=\"wrapper\">\n        \n                    <div class=\"headline-wrapper\">\n                <h2 id=\"hammer_component_69e087768b5b8\" data-component=\"headline\" class=\"component component-headline headline style-&Uuml;berschrift-regul&auml;r\">Die von Ihnen angeforderte Seite wurde m&ouml;glicherweise verschoben oder gel&ouml;scht.<\/h2>\n            <\/div>\n        \n            <\/div>\n    <\/section>","protected":false},"excerpt":{"rendered":"","protected":false},"author":1,"featured_media":0,"parent":0,"menu_order":0,"comment_status":"closed","ping_status":"closed","template":"","meta":{"_acf_changed":false,"content-type":"","inline_featured_image":false,"ep_exclude_from_search":false,"footnotes":""},"class_list":["post-54466","page","type-page","status-publish","hentry"],"acf":[],"yoast_head":"<!-- This site is optimized with the Yoast SEO plugin v26.3 - https:\/\/yoast.com\/wordpress\/plugins\/seo\/ -->\n<title>404 - Seite nicht gefunden | Basler Electric<\/title>\n<meta name=\"description\" content=\"Oops! Die Seite, die Sie suchen, konnte nicht gefunden werden. \u00dcberpr\u00fcfen Sie die URL oder kehren Sie zur Startseite zur\u00fcck, um weitere Informationen zu e...\" \/>\n<meta name=\"robots\" content=\"index, follow, max-snippet:-1, max-image-preview:large, max-video-preview:-1\" \/>\n<link rel=\"canonical\" href=\"https:\/\/baslerservices.com\/de\/404-seite-nicht-gefunden\/\" \/>\n<meta property=\"og:locale\" content=\"de_DE\" \/>\n<meta property=\"og:type\" content=\"article\" \/>\n<meta property=\"og:title\" content=\"404 - Seite nicht gefunden | Basler Electric\" \/>\n<meta property=\"og:description\" content=\"Oops! Die Seite, die Sie suchen, konnte nicht gefunden werden. \u00dcberpr\u00fcfen Sie die URL oder kehren Sie zur Startseite zur\u00fcck, um weitere Informationen zu e...\" \/>\n<meta property=\"og:url\" content=\"https:\/\/baslerservices.com\/de\/404-seite-nicht-gefunden\/\" \/>\n<meta property=\"og:site_name\" content=\"Basler Electric\" \/>\n<meta property=\"article:modified_time\" content=\"2025-09-12T17:50:27+00:00\" \/>\n<meta property=\"og:image\" content=\"https:\/\/baslerservices.com\/wp-content\/uploads\/2025\/07\/Basler-Default-Image.jpg\" \/>\n\t<meta property=\"og:image:width\" content=\"1920\" \/>\n\t<meta property=\"og:image:height\" content=\"1080\" \/>\n\t<meta property=\"og:image:type\" content=\"image\/jpeg\" \/>\n<meta name=\"twitter:card\" content=\"summary_large_image\" \/>\n<script type=\"application\/ld+json\" class=\"yoast-schema-graph\">{\"@context\":\"https:\/\/schema.org\",\"@graph\":[{\"@type\":\"WebPage\",\"@id\":\"https:\/\/baslerservices.com\/de\/404-seite-nicht-gefunden\/\",\"url\":\"https:\/\/baslerservices.com\/de\/404-seite-nicht-gefunden\/\",\"name\":\"404 - Seite nicht gefunden | Basler Electric\",\"isPartOf\":{\"@id\":\"https:\/\/catalog.basler.com\/#website\"},\"datePublished\":\"2024-10-08T06:24:37+00:00\",\"dateModified\":\"2025-09-12T17:50:27+00:00\",\"description\":\"Oops! Die Seite, die Sie suchen, konnte nicht gefunden werden. \u00dcberpr\u00fcfen Sie die URL oder kehren Sie zur Startseite zur\u00fcck, um weitere Informationen zu e...\",\"breadcrumb\":{\"@id\":\"https:\/\/baslerservices.com\/de\/404-seite-nicht-gefunden\/#breadcrumb\"},\"inLanguage\":\"de-DE\",\"potentialAction\":[{\"@type\":\"ReadAction\",\"target\":[\"https:\/\/baslerservices.com\/de\/404-seite-nicht-gefunden\/\"]}]},{\"@type\":\"BreadcrumbList\",\"@id\":\"https:\/\/baslerservices.com\/de\/404-seite-nicht-gefunden\/#breadcrumb\",\"itemListElement\":[{\"@type\":\"ListItem\",\"position\":1,\"name\":\"Home\",\"item\":\"https:\/\/e2powersystems.com\/de\/\"},{\"@type\":\"ListItem\",\"position\":2,\"name\":\"404 &#8211; Seite nicht gefunden\"}]},{\"@type\":\"WebSite\",\"@id\":\"https:\/\/catalog.basler.com\/#website\",\"url\":\"https:\/\/catalog.basler.com\/\",\"name\":\"Basler Electric\",\"description\":\"\",\"publisher\":{\"@id\":\"https:\/\/catalog.basler.com\/#organization\"},\"potentialAction\":[{\"@type\":\"SearchAction\",\"target\":{\"@type\":\"EntryPoint\",\"urlTemplate\":\"https:\/\/catalog.basler.com\/?s={search_term_string}\"},\"query-input\":{\"@type\":\"PropertyValueSpecification\",\"valueRequired\":true,\"valueName\":\"search_term_string\"}}],\"inLanguage\":\"de-DE\"},{\"@type\":\"Organization\",\"@id\":\"https:\/\/catalog.basler.com\/#organization\",\"name\":\"Basler Electric\",\"url\":\"https:\/\/catalog.basler.com\/\",\"logo\":{\"@type\":\"ImageObject\",\"inLanguage\":\"de-DE\",\"@id\":\"https:\/\/catalog.basler.com\/#\/schema\/logo\/image\/\",\"url\":\"https:\/\/www.basler.com\/wp-content\/uploads\/2025\/10\/Basler-Logo-Favicon.png\",\"contentUrl\":\"https:\/\/www.basler.com\/wp-content\/uploads\/2025\/10\/Basler-Logo-Favicon.png\",\"width\":512,\"height\":512,\"caption\":\"Basler Electric\"},\"image\":{\"@id\":\"https:\/\/catalog.basler.com\/#\/schema\/logo\/image\/\"}}]}<\/script>\n<!-- \/ Yoast SEO plugin. -->","yoast_head_json":{"title":"404 - Seite nicht gefunden | Basler Electric","description":"Oops! Die Seite, die Sie suchen, konnte nicht gefunden werden. \u00dcberpr\u00fcfen Sie die URL oder kehren Sie zur Startseite zur\u00fcck, um weitere Informationen zu e...","robots":{"index":"index","follow":"follow","max-snippet":"max-snippet:-1","max-image-preview":"max-image-preview:large","max-video-preview":"max-video-preview:-1"},"canonical":"https:\/\/baslerservices.com\/de\/404-seite-nicht-gefunden\/","og_locale":"de_DE","og_type":"article","og_title":"404 - Seite nicht gefunden | Basler Electric","og_description":"Oops! Die Seite, die Sie suchen, konnte nicht gefunden werden. \u00dcberpr\u00fcfen Sie die URL oder kehren Sie zur Startseite zur\u00fcck, um weitere Informationen zu e...","og_url":"https:\/\/baslerservices.com\/de\/404-seite-nicht-gefunden\/","og_site_name":"Basler Electric","article_modified_time":"2025-09-12T17:50:27+00:00","og_image":[{"width":1920,"height":1080,"url":"https:\/\/baslerservices.com\/wp-content\/uploads\/2025\/07\/Basler-Default-Image.jpg","type":"image\/jpeg"}],"twitter_card":"summary_large_image","schema":{"@context":"https:\/\/schema.org","@graph":[{"@type":"WebPage","@id":"https:\/\/baslerservices.com\/de\/404-seite-nicht-gefunden\/","url":"https:\/\/baslerservices.com\/de\/404-seite-nicht-gefunden\/","name":"404 - Seite nicht gefunden | Basler Electric","isPartOf":{"@id":"https:\/\/catalog.basler.com\/#website"},"datePublished":"2024-10-08T06:24:37+00:00","dateModified":"2025-09-12T17:50:27+00:00","description":"Oops! Die Seite, die Sie suchen, konnte nicht gefunden werden. \u00dcberpr\u00fcfen Sie die URL oder kehren Sie zur Startseite zur\u00fcck, um weitere Informationen zu e...","breadcrumb":{"@id":"https:\/\/baslerservices.com\/de\/404-seite-nicht-gefunden\/#breadcrumb"},"inLanguage":"de-DE","potentialAction":[{"@type":"ReadAction","target":["https:\/\/baslerservices.com\/de\/404-seite-nicht-gefunden\/"]}]},{"@type":"BreadcrumbList","@id":"https:\/\/baslerservices.com\/de\/404-seite-nicht-gefunden\/#breadcrumb","itemListElement":[{"@type":"ListItem","position":1,"name":"Home","item":"https:\/\/e2powersystems.com\/de\/"},{"@type":"ListItem","position":2,"name":"404 &#8211; Seite nicht gefunden"}]},{"@type":"WebSite","@id":"https:\/\/catalog.basler.com\/#website","url":"https:\/\/catalog.basler.com\/","name":"Basler Electric","description":"","publisher":{"@id":"https:\/\/catalog.basler.com\/#organization"},"potentialAction":[{"@type":"SearchAction","target":{"@type":"EntryPoint","urlTemplate":"https:\/\/catalog.basler.com\/?s={search_term_string}"},"query-input":{"@type":"PropertyValueSpecification","valueRequired":true,"valueName":"search_term_string"}}],"inLanguage":"de-DE"},{"@type":"Organization","@id":"https:\/\/catalog.basler.com\/#organization","name":"Basler Electric","url":"https:\/\/catalog.basler.com\/","logo":{"@type":"ImageObject","inLanguage":"de-DE","@id":"https:\/\/catalog.basler.com\/#\/schema\/logo\/image\/","url":"https:\/\/www.basler.com\/wp-content\/uploads\/2025\/10\/Basler-Logo-Favicon.png","contentUrl":"https:\/\/www.basler.com\/wp-content\/uploads\/2025\/10\/Basler-Logo-Favicon.png","width":512,"height":512,"caption":"Basler Electric"},"image":{"@id":"https:\/\/catalog.basler.com\/#\/schema\/logo\/image\/"}}]}},"_links":{"self":[{"href":"https:\/\/baslerservices.com\/de\/wp-json\/wp\/v2\/pages\/54466","targetHints":{"allow":["GET"]}}],"collection":[{"href":"https:\/\/baslerservices.com\/de\/wp-json\/wp\/v2\/pages"}],"about":[{"href":"https:\/\/baslerservices.com\/de\/wp-json\/wp\/v2\/types\/page"}],"author":[{"embeddable":true,"href":"https:\/\/baslerservices.com\/de\/wp-json\/wp\/v2\/users\/1"}],"replies":[{"embeddable":true,"href":"https:\/\/baslerservices.com\/de\/wp-json\/wp\/v2\/comments?post=54466"}],"version-history":[{"count":1,"href":"https:\/\/baslerservices.com\/de\/wp-json\/wp\/v2\/pages\/54466\/revisions"}],"predecessor-version":[{"id":54468,"href":"https:\/\/baslerservices.com\/de\/wp-json\/wp\/v2\/pages\/54466\/revisions\/54468"}],"wp:attachment":[{"href":"https:\/\/baslerservices.com\/de\/wp-json\/wp\/v2\/media?parent=54466"}],"curies":[{"name":"wp","href":"https:\/\/api.w.org\/{rel}","templated":true}]}}